{"id":58,"date":"2023-07-27T17:08:04","date_gmt":"2023-07-27T15:08:04","guid":{"rendered":"https:\/\/www.ecritoralium.com\/?page_id=58"},"modified":"2024-03-22T16:08:20","modified_gmt":"2024-03-22T15:08:20","slug":"activites","status":"publish","type":"page","link":"https:\/\/www.ecritoralium.com\/?page_id=58","title":{"rendered":"Activit\u00e9s"},"content":{"rendered":"\n<p><strong>Formatrice :<\/strong><\/p>\n\n\n\n<p>En fran\u00e7ais : <\/p>\n\n\n\n<ul class=\"wp-block-list\">\n<li>Fran\u00e7ais Langue \u00c9trang\u00e8re (FLE)<\/li>\n\n\n\n<li>Remise \u00c0 Niveau (RAN)<\/li>\n\n\n\n<li>Fran\u00e7ais Professionnel<\/li>\n<\/ul>\n\n\n\n<p>Niveaux : A2, B1, B2, C1, C2<\/p>\n\n\n\n<p>En num\u00e9rique :<\/p>\n\n\n\n<ul class=\"wp-block-list\">\n<li>initiation<\/li>\n\n\n\n<li>plus \u00e0 voir ult\u00e9rieurement selon l&rsquo;organisation de la demande<\/li>\n<\/ul>\n\n\n\n<p><strong>\u00c9crivain public :<\/strong><\/p>\n\n\n\n<p>\u00c9tude de toute demande<\/p>\n\n\n\n<p>\u00ab\u00a0En g\u00e9n\u00e9ral, je prends le b\u00e9b\u00e9 avec l&rsquo;eau du bain\u00a0\u00bb<\/p>\n","protected":false},"excerpt":{"rendered":"<p>Formatrice : En fran\u00e7ais : Niveaux : A2, B1, B2, C1, C2 En num\u00e9rique : \u00c9crivain public : \u00c9tude de toute demande \u00ab\u00a0En g\u00e9n\u00e9ral, je prends le b\u00e9b\u00e9 avec l&rsquo;eau du bain\u00a0\u00bb<\/p>\n","protected":false},"author":1,"featured_media":0,"parent":0,"menu_order":0,"comment_status":"closed","ping_status":"closed","template":"","meta":{"footnotes":""},"class_list":["post-58","page","type-page","status-publish","hentry"],"_links":{"self":[{"href":"https:\/\/www.ecritoralium.com\/index.php?rest_route=\/wp\/v2\/pages\/58","targetHints":{"allow":["GET"]}}],"collection":[{"href":"https:\/\/www.ecritoralium.com\/index.php?rest_route=\/wp\/v2\/pages"}],"about":[{"href":"https:\/\/www.ecritoralium.com\/index.php?rest_route=\/wp\/v2\/types\/page"}],"author":[{"embeddable":true,"href":"https:\/\/www.ecritoralium.com\/index.php?rest_route=\/wp\/v2\/users\/1"}],"replies":[{"embeddable":true,"href":"https:\/\/www.ecritoralium.com\/index.php?rest_route=%2Fwp%2Fv2%2Fcomments&post=58"}],"version-history":[{"count":4,"href":"https:\/\/www.ecritoralium.com\/index.php?rest_route=\/wp\/v2\/pages\/58\/revisions"}],"predecessor-version":[{"id":242,"href":"https:\/\/www.ecritoralium.com\/index.php?rest_route=\/wp\/v2\/pages\/58\/revisions\/242"}],"wp:attachment":[{"href":"https:\/\/www.ecritoralium.com\/index.php?rest_route=%2Fwp%2Fv2%2Fmedia&parent=58"}],"curies":[{"name":"wp","href":"https:\/\/api.w.org\/{rel}","templated":true}]}}