{"id":295,"date":"2024-05-11T19:16:48","date_gmt":"2024-05-11T17:16:48","guid":{"rendered":"https:\/\/www.ecritoralium.com\/?page_id=295"},"modified":"2025-12-11T19:35:16","modified_gmt":"2025-12-11T18:35:16","slug":"a","status":"publish","type":"page","link":"https:\/\/www.ecritoralium.com\/?page_id=295","title":{"rendered":"Programmes Fran\u00e7ais Langue \u00c9trang\u00e8re"},"content":{"rendered":"\n<figure class=\"wp-block-image size-full\"><img fetchpriority=\"high\" decoding=\"async\" width=\"600\" height=\"762\" src=\"https:\/\/www.ecritoralium.com\/wp-content\/uploads\/2024\/05\/EOI-Site-Internet-programme-Type-2.png\" alt=\"\" class=\"wp-image-328\" srcset=\"https:\/\/www.ecritoralium.com\/wp-content\/uploads\/2024\/05\/EOI-Site-Internet-programme-Type-2.png 600w, https:\/\/www.ecritoralium.com\/wp-content\/uploads\/2024\/05\/EOI-Site-Internet-programme-Type-2-236x300.png 236w\" sizes=\"(max-width: 600px) 100vw, 600px\" \/><\/figure>\n\n\n\n<figure class=\"wp-block-image size-full\"><img decoding=\"async\" width=\"601\" height=\"772\" src=\"https:\/\/www.ecritoralium.com\/wp-content\/uploads\/2024\/05\/EOI-Site-Internet-programme-A2-2.png\" alt=\"\" class=\"wp-image-329\" srcset=\"https:\/\/www.ecritoralium.com\/wp-content\/uploads\/2024\/05\/EOI-Site-Internet-programme-A2-2.png 601w, https:\/\/www.ecritoralium.com\/wp-content\/uploads\/2024\/05\/EOI-Site-Internet-programme-A2-2-234x300.png 234w\" sizes=\"(max-width: 601px) 100vw, 601px\" \/><\/figure>\n\n\n\n<figure class=\"wp-block-image size-full is-resized\"><img decoding=\"async\" width=\"606\" height=\"771\" src=\"https:\/\/www.ecritoralium.com\/wp-content\/uploads\/2024\/05\/EOI-Site-Internet-programme-B1-2.png\" alt=\"\" class=\"wp-image-330\" style=\"width:655px;height:auto\" srcset=\"https:\/\/www.ecritoralium.com\/wp-content\/uploads\/2024\/05\/EOI-Site-Internet-programme-B1-2.png 606w, https:\/\/www.ecritoralium.com\/wp-content\/uploads\/2024\/05\/EOI-Site-Internet-programme-B1-2-236x300.png 236w\" sizes=\"(max-width: 606px) 100vw, 606px\" \/><\/figure>\n\n\n\n<figure class=\"wp-block-image size-full\"><img loading=\"lazy\" decoding=\"async\" width=\"605\" height=\"771\" src=\"https:\/\/www.ecritoralium.com\/wp-content\/uploads\/2024\/05\/EOI-Site-Internet-programme-B2-2.png\" alt=\"\" class=\"wp-image-331\" srcset=\"https:\/\/www.ecritoralium.com\/wp-content\/uploads\/2024\/05\/EOI-Site-Internet-programme-B2-2.png 605w, https:\/\/www.ecritoralium.com\/wp-content\/uploads\/2024\/05\/EOI-Site-Internet-programme-B2-2-235x300.png 235w\" sizes=\"(max-width: 605px) 100vw, 605px\" \/><\/figure>\n\n\n\n<figure class=\"wp-block-image size-full\"><img loading=\"lazy\" decoding=\"async\" width=\"592\" height=\"765\" src=\"https:\/\/www.ecritoralium.com\/wp-content\/uploads\/2024\/05\/EOI-Site-Internet-programme-C1-2.png\" alt=\"\" class=\"wp-image-332\" srcset=\"https:\/\/www.ecritoralium.com\/wp-content\/uploads\/2024\/05\/EOI-Site-Internet-programme-C1-2.png 592w, https:\/\/www.ecritoralium.com\/wp-content\/uploads\/2024\/05\/EOI-Site-Internet-programme-C1-2-232x300.png 232w\" sizes=\"(max-width: 592px) 100vw, 592px\" \/><\/figure>\n\n\n\n<figure class=\"wp-block-gallery has-nested-images columns-default is-cropped wp-block-gallery-1 is-layout-flex wp-block-gallery-is-layout-flex\">\n<figure class=\"wp-block-image size-large\"><img loading=\"lazy\" decoding=\"async\" width=\"598\" height=\"771\" data-id=\"333\" src=\"https:\/\/www.ecritoralium.com\/wp-content\/uploads\/2024\/05\/EOI-Site-Internet-programme-C2-3.png\" alt=\"\" class=\"wp-image-333\" srcset=\"https:\/\/www.ecritoralium.com\/wp-content\/uploads\/2024\/05\/EOI-Site-Internet-programme-C2-3.png 598w, https:\/\/www.ecritoralium.com\/wp-content\/uploads\/2024\/05\/EOI-Site-Internet-programme-C2-3-233x300.png 233w\" sizes=\"(max-width: 598px) 100vw, 598px\" \/><\/figure>\n<\/figure>\n","protected":false},"excerpt":{"rendered":"","protected":false},"author":1,"featured_media":0,"parent":0,"menu_order":0,"comment_status":"closed","ping_status":"closed","template":"","meta":{"footnotes":""},"class_list":["post-295","page","type-page","status-publish","hentry"],"_links":{"self":[{"href":"https:\/\/www.ecritoralium.com\/index.php?rest_route=\/wp\/v2\/pages\/295","targetHints":{"allow":["GET"]}}],"collection":[{"href":"https:\/\/www.ecritoralium.com\/index.php?rest_route=\/wp\/v2\/pages"}],"about":[{"href":"https:\/\/www.ecritoralium.com\/index.php?rest_route=\/wp\/v2\/types\/page"}],"author":[{"embeddable":true,"href":"https:\/\/www.ecritoralium.com\/index.php?rest_route=\/wp\/v2\/users\/1"}],"replies":[{"embeddable":true,"href":"https:\/\/www.ecritoralium.com\/index.php?rest_route=%2Fwp%2Fv2%2Fcomments&post=295"}],"version-history":[{"count":5,"href":"https:\/\/www.ecritoralium.com\/index.php?rest_route=\/wp\/v2\/pages\/295\/revisions"}],"predecessor-version":[{"id":418,"href":"https:\/\/www.ecritoralium.com\/index.php?rest_route=\/wp\/v2\/pages\/295\/revisions\/418"}],"wp:attachment":[{"href":"https:\/\/www.ecritoralium.com\/index.php?rest_route=%2Fwp%2Fv2%2Fmedia&parent=295"}],"curies":[{"name":"wp","href":"https:\/\/api.w.org\/{rel}","templated":true}]}}