{"id":216,"date":"2024-02-14T00:13:33","date_gmt":"2024-02-13T23:13:33","guid":{"rendered":"https:\/\/www.ecritoralium.com\/?page_id=216"},"modified":"2024-04-29T18:35:12","modified_gmt":"2024-04-29T16:35:12","slug":"enquetes-en-aval","status":"publish","type":"page","link":"https:\/\/www.ecritoralium.com\/?page_id=216","title":{"rendered":"Satisfaction \u00e0 froid"},"content":{"rendered":"\n<h2 class=\"wp-block-heading\"><strong>Veuillez indiquer votre niveau de satisfaction relatif aux points suivants :<\/strong><\/h2>\n\n\n<div class=\"wpforms-container wpforms-container-full wpforms-block wpforms-block-647400fe-7ae7-4399-9999-4a95be102d73 wpforms-render-modern\" id=\"wpforms-210\"><form id=\"wpforms-form-210\" class=\"wpforms-validate wpforms-form wpforms-ajax-form\" data-formid=\"210\" method=\"post\" enctype=\"multipart\/form-data\" action=\"\/index.php?rest_route=%2Fwp%2Fv2%2Fpages%2F216\" data-token=\"f453ccfe893d9ceacd4f38d577182b43\" data-token-time=\"1776327373\"><noscript class=\"wpforms-error-noscript\">Veuillez activer JavaScript dans votre navigateur pour remplir ce formulaire.<\/noscript><div id=\"wpforms-error-noscript\" style=\"display: none;\">Veuillez activer JavaScript dans votre navigateur pour remplir ce formulaire.<\/div><div class=\"wpforms-field-container\"><div id=\"wpforms-210-field_0-container\" class=\"wpforms-field wpforms-field-name\" data-field-id=\"0\"><fieldset><legend class=\"wpforms-field-label\">Nom <span class=\"wpforms-required-label\" aria-hidden=\"true\">*<\/span><\/legend><div class=\"wpforms-field-row wpforms-field-medium\"><div class=\"wpforms-field-row-block wpforms-first wpforms-one-half\"><input type=\"text\" id=\"wpforms-210-field_0\" class=\"wpforms-field-name-first wpforms-field-required\" name=\"wpforms[fields][0][first]\" aria-errormessage=\"wpforms-210-field_0-error\" required><label for=\"wpforms-210-field_0\" class=\"wpforms-field-sublabel after\">Pr\u00e9nom<\/label><\/div><div class=\"wpforms-field-row-block wpforms-one-half\"><input type=\"text\" id=\"wpforms-210-field_0-last\" class=\"wpforms-field-name-last wpforms-field-required\" name=\"wpforms[fields][0][last]\" aria-errormessage=\"wpforms-210-field_0-last-error\" required><label for=\"wpforms-210-field_0-last\" class=\"wpforms-field-sublabel after\">Nom<\/label><\/div><\/div><\/fieldset><\/div><div id=\"wpforms-210-field_1-container\" class=\"wpforms-field wpforms-field-email\" data-field-id=\"1\"><label class=\"wpforms-field-label\" for=\"wpforms-210-field_1\">E-mail <span class=\"wpforms-required-label\" aria-hidden=\"true\">*<\/span><\/label><input type=\"email\" id=\"wpforms-210-field_1\" class=\"wpforms-field-medium wpforms-field-required\" name=\"wpforms[fields][1]\" spellcheck=\"false\" aria-errormessage=\"wpforms-210-field_1-error\" required><\/div><div id=\"wpforms-210-field_20-container\" class=\"wpforms-field wpforms-field-name\" data-field-id=\"20\"><label class=\"wpforms-field-label\" for=\"wpforms-210-field_20\">Objectifs de la formation <span class=\"wpforms-required-label\" aria-hidden=\"true\">*<\/span><\/label><input type=\"text\" id=\"wpforms-210-field_20\" class=\"wpforms-field-medium wpforms-field-required\" name=\"wpforms[fields][20]\" aria-errormessage=\"wpforms-210-field_20-error\" required><\/div><div id=\"wpforms-210-field_22-container\" class=\"wpforms-field wpforms-field-name\" data-field-id=\"22\"><label class=\"wpforms-field-label\" for=\"wpforms-210-field_22\">Date de d\u00e9but de formation &#8211; date de fin de formation <span class=\"wpforms-required-label\" aria-hidden=\"true\">*<\/span><\/label><input type=\"text\" id=\"wpforms-210-field_22\" class=\"wpforms-field-medium wpforms-field-required\" name=\"wpforms[fields][22]\" aria-errormessage=\"wpforms-210-field_22-error\" required><\/div><div id=\"wpforms-210-field_21-container\" class=\"wpforms-field wpforms-field-name\" data-field-id=\"21\"><label class=\"wpforms-field-label\" for=\"wpforms-210-field_21\">Dur\u00e9e de la formation en heures <span class=\"wpforms-required-label\" aria-hidden=\"true\">*<\/span><\/label><input type=\"text\" id=\"wpforms-210-field_21\" class=\"wpforms-field-medium wpforms-field-required\" name=\"wpforms[fields][21]\" aria-errormessage=\"wpforms-210-field_21-error\" required><\/div><div id=\"wpforms-210-field_4-container\" class=\"wpforms-field wpforms-field-radio wpforms-list-inline\" data-field-id=\"4\"><fieldset><legend class=\"wpforms-field-label\">La formation a-t-elle r\u00e9pondu \u00e0 votre besoin ?<\/legend><ul id=\"wpforms-210-field_4\"><li class=\"choice-1 depth-1\"><input type=\"radio\" id=\"wpforms-210-field_4_1\" name=\"wpforms[fields][4]\" value=\"OUI\" aria-errormessage=\"wpforms-210-field_4_1-error\"  ><label class=\"wpforms-field-label-inline\" for=\"wpforms-210-field_4_1\">OUI<\/label><\/li><li class=\"choice-2 depth-1\"><input type=\"radio\" id=\"wpforms-210-field_4_2\" name=\"wpforms[fields][4]\" value=\"NON\" aria-errormessage=\"wpforms-210-field_4_2-error\"  ><label class=\"wpforms-field-label-inline\" for=\"wpforms-210-field_4_2\">NON<\/label><\/li><li class=\"choice-3 depth-1\"><input type=\"radio\" id=\"wpforms-210-field_4_3\" name=\"wpforms[fields][4]\" value=\"En Partie\" aria-errormessage=\"wpforms-210-field_4_3-error\"  ><label class=\"wpforms-field-label-inline\" for=\"wpforms-210-field_4_3\">En Partie<\/label><\/li><\/ul><\/fieldset><\/div><div id=\"wpforms-210-field_12-container\" class=\"wpforms-field wpforms-field-text\" data-field-id=\"12\"><label class=\"wpforms-field-label\" for=\"wpforms-210-field_12\">Commentaires<\/label><input type=\"text\" id=\"wpforms-210-field_12\" class=\"wpforms-field-medium\" name=\"wpforms[fields][12]\" aria-errormessage=\"wpforms-210-field_12-error\" ><\/div><div id=\"wpforms-210-field_6-container\" class=\"wpforms-field wpforms-field-radio wpforms-list-inline\" data-field-id=\"6\"><fieldset><legend class=\"wpforms-field-label\">Avez-vous constat\u00e9 des \u00e9carts entre les comp\u00e9tences attendues et les comp\u00e9tences acquises ? <\/legend><ul id=\"wpforms-210-field_6\"><li class=\"choice-1 depth-1\"><input type=\"radio\" id=\"wpforms-210-field_6_1\" name=\"wpforms[fields][6]\" value=\"OUI\" aria-errormessage=\"wpforms-210-field_6_1-error\"  ><label class=\"wpforms-field-label-inline\" for=\"wpforms-210-field_6_1\">OUI<\/label><\/li><li class=\"choice-2 depth-1\"><input type=\"radio\" id=\"wpforms-210-field_6_2\" name=\"wpforms[fields][6]\" value=\"NON\" aria-errormessage=\"wpforms-210-field_6_2-error\"  ><label class=\"wpforms-field-label-inline\" for=\"wpforms-210-field_6_2\">NON<\/label><\/li><li class=\"choice-3 depth-1\"><input type=\"radio\" id=\"wpforms-210-field_6_3\" name=\"wpforms[fields][6]\" value=\"En Partie\" aria-errormessage=\"wpforms-210-field_6_3-error\"  ><label class=\"wpforms-field-label-inline\" for=\"wpforms-210-field_6_3\">En Partie<\/label><\/li><\/ul><\/fieldset><\/div><div id=\"wpforms-210-field_13-container\" class=\"wpforms-field wpforms-field-text\" data-field-id=\"13\"><label class=\"wpforms-field-label\" for=\"wpforms-210-field_13\">Commentaires<\/label><input type=\"text\" id=\"wpforms-210-field_13\" class=\"wpforms-field-medium\" name=\"wpforms[fields][13]\" aria-errormessage=\"wpforms-210-field_13-error\" ><\/div><div id=\"wpforms-210-field_8-container\" class=\"wpforms-field wpforms-field-radio wpforms-list-inline\" data-field-id=\"8\"><fieldset><legend class=\"wpforms-field-label\">La formation vous a-t-elle permis d\u2019atteindre les objectifs fix\u00e9s ?<\/legend><ul id=\"wpforms-210-field_8\"><li class=\"choice-1 depth-1\"><input type=\"radio\" id=\"wpforms-210-field_8_1\" name=\"wpforms[fields][8]\" value=\"OUI\" aria-errormessage=\"wpforms-210-field_8_1-error\"  ><label class=\"wpforms-field-label-inline\" for=\"wpforms-210-field_8_1\">OUI<\/label><\/li><li class=\"choice-2 depth-1\"><input type=\"radio\" id=\"wpforms-210-field_8_2\" name=\"wpforms[fields][8]\" value=\"NON\" aria-errormessage=\"wpforms-210-field_8_2-error\"  ><label class=\"wpforms-field-label-inline\" for=\"wpforms-210-field_8_2\">NON<\/label><\/li><li class=\"choice-3 depth-1\"><input type=\"radio\" id=\"wpforms-210-field_8_3\" name=\"wpforms[fields][8]\" value=\"En Partie\" aria-errormessage=\"wpforms-210-field_8_3-error\"  ><label class=\"wpforms-field-label-inline\" for=\"wpforms-210-field_8_3\">En Partie<\/label><\/li><\/ul><\/fieldset><\/div><div id=\"wpforms-210-field_15-container\" class=\"wpforms-field wpforms-field-text\" data-field-id=\"15\"><label class=\"wpforms-field-label\" for=\"wpforms-210-field_15\">Commentaires <\/label><input type=\"text\" id=\"wpforms-210-field_15\" class=\"wpforms-field-medium\" name=\"wpforms[fields][15]\" aria-errormessage=\"wpforms-210-field_15-error\" ><\/div><div id=\"wpforms-210-field_9-container\" class=\"wpforms-field wpforms-field-radio wpforms-list-inline\" data-field-id=\"9\"><fieldset><legend class=\"wpforms-field-label\">Depuis la fin de sa formation, avez-vous pu mettre en pratique les connaissances acquises ?<\/legend><ul id=\"wpforms-210-field_9\"><li class=\"choice-1 depth-1\"><input type=\"radio\" id=\"wpforms-210-field_9_1\" name=\"wpforms[fields][9]\" value=\"OUI\" aria-errormessage=\"wpforms-210-field_9_1-error\"  ><label class=\"wpforms-field-label-inline\" for=\"wpforms-210-field_9_1\">OUI<\/label><\/li><li class=\"choice-2 depth-1\"><input type=\"radio\" id=\"wpforms-210-field_9_2\" name=\"wpforms[fields][9]\" value=\"NON\" aria-errormessage=\"wpforms-210-field_9_2-error\"  ><label class=\"wpforms-field-label-inline\" for=\"wpforms-210-field_9_2\">NON<\/label><\/li><li class=\"choice-3 depth-1\"><input type=\"radio\" id=\"wpforms-210-field_9_3\" name=\"wpforms[fields][9]\" value=\"En Partie\" aria-errormessage=\"wpforms-210-field_9_3-error\"  ><label class=\"wpforms-field-label-inline\" for=\"wpforms-210-field_9_3\">En Partie<\/label><\/li><\/ul><\/fieldset><\/div><div id=\"wpforms-210-field_16-container\" class=\"wpforms-field wpforms-field-text\" data-field-id=\"16\"><label class=\"wpforms-field-label\" for=\"wpforms-210-field_16\">Commentaires<\/label><input type=\"text\" id=\"wpforms-210-field_16\" class=\"wpforms-field-medium\" name=\"wpforms[fields][16]\" aria-errormessage=\"wpforms-210-field_16-error\" ><\/div><div id=\"wpforms-210-field_10-container\" class=\"wpforms-field wpforms-field-radio wpforms-list-inline\" data-field-id=\"10\"><fieldset><legend class=\"wpforms-field-label\">Si non, selon vous, qu\u2019est ce qui pourrait favoriser la mise en pratique de la formation ?<\/legend><ul id=\"wpforms-210-field_10\"><li class=\"choice-1 depth-1\"><input type=\"radio\" id=\"wpforms-210-field_10_1\" name=\"wpforms[fields][10]\" value=\"OUI\" aria-errormessage=\"wpforms-210-field_10_1-error\"  ><label class=\"wpforms-field-label-inline\" for=\"wpforms-210-field_10_1\">OUI<\/label><\/li><li class=\"choice-2 depth-1\"><input type=\"radio\" id=\"wpforms-210-field_10_2\" name=\"wpforms[fields][10]\" value=\"NON\" aria-errormessage=\"wpforms-210-field_10_2-error\"  ><label class=\"wpforms-field-label-inline\" for=\"wpforms-210-field_10_2\">NON<\/label><\/li><li class=\"choice-3 depth-1\"><input type=\"radio\" id=\"wpforms-210-field_10_3\" name=\"wpforms[fields][10]\" value=\"En Partie\" aria-errormessage=\"wpforms-210-field_10_3-error\"  ><label class=\"wpforms-field-label-inline\" for=\"wpforms-210-field_10_3\">En Partie<\/label><\/li><\/ul><\/fieldset><\/div><div id=\"wpforms-210-field_17-container\" class=\"wpforms-field wpforms-field-text\" data-field-id=\"17\"><label class=\"wpforms-field-label\" for=\"wpforms-210-field_17\">Commentaires<\/label><input type=\"text\" id=\"wpforms-210-field_17\" class=\"wpforms-field-medium\" name=\"wpforms[fields][17]\" aria-errormessage=\"wpforms-210-field_17-error\" ><\/div><div id=\"wpforms-210-field_11-container\" class=\"wpforms-field wpforms-field-radio wpforms-list-inline\" data-field-id=\"11\"><fieldset><legend class=\"wpforms-field-label\">L\u2019action de formation suivie a-t-elle eu un impact sur votre activit\u00e9?<\/legend><ul id=\"wpforms-210-field_11\"><li class=\"choice-1 depth-1\"><input type=\"radio\" id=\"wpforms-210-field_11_1\" name=\"wpforms[fields][11]\" value=\"OUI\" aria-errormessage=\"wpforms-210-field_11_1-error\"  ><label class=\"wpforms-field-label-inline\" for=\"wpforms-210-field_11_1\">OUI<\/label><\/li><li class=\"choice-2 depth-1\"><input type=\"radio\" id=\"wpforms-210-field_11_2\" name=\"wpforms[fields][11]\" value=\"NON\" aria-errormessage=\"wpforms-210-field_11_2-error\"  ><label class=\"wpforms-field-label-inline\" for=\"wpforms-210-field_11_2\">NON<\/label><\/li><li class=\"choice-3 depth-1\"><input type=\"radio\" id=\"wpforms-210-field_11_3\" name=\"wpforms[fields][11]\" value=\"En Partie\" aria-errormessage=\"wpforms-210-field_11_3-error\"  ><label class=\"wpforms-field-label-inline\" for=\"wpforms-210-field_11_3\">En Partie<\/label><\/li><\/ul><\/fieldset><\/div><div id=\"wpforms-210-field_5-container\" class=\"wpforms-field wpforms-field-text\" data-field-id=\"5\"><label class=\"wpforms-field-label\" for=\"wpforms-210-field_5\">Pr\u00e9cisez :<\/label><input type=\"text\" id=\"wpforms-210-field_5\" class=\"wpforms-field-medium\" name=\"wpforms[fields][5]\" aria-errormessage=\"wpforms-210-field_5-error\" ><\/div><div id=\"wpforms-210-field_18-container\" class=\"wpforms-field wpforms-field-text\" data-field-id=\"18\"><label class=\"wpforms-field-label\" for=\"wpforms-210-field_18\">Vos commentaires et suggestions : <\/label><input type=\"text\" id=\"wpforms-210-field_18\" class=\"wpforms-field-medium\" name=\"wpforms[fields][18]\" aria-errormessage=\"wpforms-210-field_18-error\" ><\/div><\/div><!-- .wpforms-field-container --><div class=\"wpforms-submit-container\" ><input type=\"hidden\" name=\"wpforms[id]\" value=\"210\"><input type=\"hidden\" name=\"page_title\" value=\"\"><input type=\"hidden\" name=\"page_url\" value=\"https:\/\/www.ecritoralium.com\/index.php?rest_route=\/wp\/v2\/pages\/216\"><input type=\"hidden\" name=\"url_referer\" value=\"\"><button type=\"submit\" name=\"wpforms[submit]\" id=\"wpforms-submit-210\" class=\"wpforms-submit\" data-alt-text=\"Envoi...\" data-submit-text=\"Envoyer\" aria-live=\"assertive\" value=\"wpforms-submit\">Envoyer<\/button><img decoding=\"async\" src=\"https:\/\/www.ecritoralium.com\/wp-content\/plugins\/wpforms-lite\/assets\/images\/submit-spin.svg\" class=\"wpforms-submit-spinner\" style=\"display: none;\" width=\"26\" height=\"26\" alt=\"Chargement en cours\"><\/div><\/form><\/div>  <!-- .wpforms-container -->","protected":false},"excerpt":{"rendered":"<p>Veuillez indiquer votre niveau de satisfaction relatif aux points suivants :<\/p>\n","protected":false},"author":1,"featured_media":0,"parent":0,"menu_order":0,"comment_status":"closed","ping_status":"closed","template":"","meta":{"footnotes":""},"class_list":["post-216","page","type-page","status-publish","hentry"],"_links":{"self":[{"href":"https:\/\/www.ecritoralium.com\/index.php?rest_route=\/wp\/v2\/pages\/216","targetHints":{"allow":["GET"]}}],"collection":[{"href":"https:\/\/www.ecritoralium.com\/index.php?rest_route=\/wp\/v2\/pages"}],"about":[{"href":"https:\/\/www.ecritoralium.com\/index.php?rest_route=\/wp\/v2\/types\/page"}],"author":[{"embeddable":true,"href":"https:\/\/www.ecritoralium.com\/index.php?rest_route=\/wp\/v2\/users\/1"}],"replies":[{"embeddable":true,"href":"https:\/\/www.ecritoralium.com\/index.php?rest_route=%2Fwp%2Fv2%2Fcomments&post=216"}],"version-history":[{"count":7,"href":"https:\/\/www.ecritoralium.com\/index.php?rest_route=\/wp\/v2\/pages\/216\/revisions"}],"predecessor-version":[{"id":241,"href":"https:\/\/www.ecritoralium.com\/index.php?rest_route=\/wp\/v2\/pages\/216\/revisions\/241"}],"wp:attachment":[{"href":"https:\/\/www.ecritoralium.com\/index.php?rest_route=%2Fwp%2Fv2%2Fmedia&parent=216"}],"curies":[{"name":"wp","href":"https:\/\/api.w.org\/{rel}","templated":true}]}}